{"id":61,"date":"2023-04-12T14:52:06","date_gmt":"2023-04-12T12:52:06","guid":{"rendered":"http:\/\/meteomoustique.libourne.fr\/?page_id=61"},"modified":"2023-05-05T15:29:59","modified_gmt":"2023-05-05T13:29:59","slug":"qui-est-qista","status":"publish","type":"page","link":"http:\/\/meteomoustique.libourne.fr\/?page_id=61","title":{"rendered":"Qui est Qista ?"},"content":{"rendered":"\t\t<div data-elementor-type=\"wp-page\" data-elementor-id=\"61\" class=\"elementor elementor-61\">\n\t\t\t\t\t\t\t\t\t<section class=\"elementor-section elementor-top-section elementor-element elementor-element-a030ac3 elementor-section-height-full elementor-section-content-middle elementor-section-boxed elementor-section-height-default elementor-section-items-middle wpr-particle-no wpr-jarallax-no wpr-parallax-no wpr-sticky-section-no\" data-id=\"a030ac3\" data-element_type=\"section\" data-settings=\"{&quot;background_background&quot;:&quot;classic&quot;,&quot;shape_divider_top&quot;:&quot;clouds&quot;,&quot;shape_divider_top_negative&quot;:&quot;yes&quot;,&quot;shape_divider_bottom&quot;:&quot;pyramids&quot;,&quot;shape_divider_bottom_negative&quot;:&quot;yes&quot;}\">\n\t\t\t\t\t\t\t<div class=\"elementor-background-overlay\"><\/div>\n\t\t\t\t\t\t<div class=\"elementor-shape elementor-shape-top\" data-negative=\"true\">\n\t\t\t<svg xmlns=\"http:\/\/www.w3.org\/2000\/svg\" viewBox=\"0 0 283.5 27.8\" preserveAspectRatio=\"xMidYMax slice\">\n\t<path class=\"elementor-shape-fill\" d=\"M265.8 3.5c-10.9 0-15.9 6.2-15.9 6.2s-3.6-3.5-9.2-.9c-9.1 4.1-4.4 13.4-4.4 13.4s-1.2.2-1.9.9c-.6.7-.5 1.9-.5 1.9s-1-.5-2.3-.2c-1.3.3-1.6 1.4-1.6 1.4s.4-3.4-1.5-5c-3.9-3.4-8.3-.2-8.3-.2s-.6-.7-.9-.9c-.4-.2-1.2-.2-1.2-.2s-4.4-3.6-11.5-2.6-10.4 7.9-10.4 7.9-.5-3.3-3.9-4.9c-4.8-2.4-7.4 0-7.4 0s2.4-4.1-1.9-6.4-6.2 1.2-6.2 1.2-.9-.5-2.1-.5-2.3 1.1-2.3 1.1.1-.7-1.1-1.1c-1.2-.4-2 0-2 0s3.6-6.8-3.5-8.9c-6-1.8-7.9 2.6-8.4 4-.1-.3-.4-.7-.9-1.1-1-.7-1.3-.5-1.3-.5s1-4-1.7-5.2c-2.7-1.2-4.2 1.1-4.2 1.1s-3.1-1-5.7 1.4-2.1 5.5-2.1 5.5-.9 0-2.1.7-1.4 1.7-1.4 1.7-1.7-1.2-4.3-1.2c-2.6 0-4.5 1.2-4.5 1.2s-.7-1.5-2.8-2.4c-2.1-.9-4 0-4 0s2.6-5.9-4.7-9c-7.3-3.1-12.6 3.3-12.6 3.3s-.9 0-1.9.2c-.9.2-1.5.9-1.5.9S99.4 3 94.9 3.9c-4.5.9-5.7 5.7-5.7 5.7s-2.8-5-12.3-3.9-11.1 6-11.1 6-1.2-1.4-4-.7c-.8.2-1.3.5-1.8.9-.9-2.1-2.7-4.9-6.2-4.4-3.2.4-4 2.2-4 2.2s-.5-.7-1.2-.7h-1.4s-.5-.9-1.7-1.4-2.4 0-2.4 0-2.4-1.2-4.7 0-3.1 4.1-3.1 4.1-1.7-1.4-3.6-.7c-1.9.7-1.9 2.8-1.9 2.8s-.5-.5-1.7-.2c-1.2.2-1.4.7-1.4.7s-.7-2.3-2.8-2.8c-2.1-.5-4.3.2-4.3.2s-1.7-5-11.1-6c-3.8-.4-6.6.2-8.5 1v21.2h283.5V11.1c-.9.2-1.6.4-1.6.4s-5.2-8-16.1-8z\"\/>\n<\/svg>\n\t\t<\/div>\n\t\t\t\t<div class=\"elementor-shape elementor-shape-bottom\" data-negative=\"true\">\n\t\t\t<svg xmlns=\"http:\/\/www.w3.org\/2000\/svg\" viewBox=\"0 0 1000 100\" preserveAspectRatio=\"none\">\n\t<path class=\"elementor-shape-fill\" d=\"M761.9,40.6L643.1,24L333.9,93.8L0.1,1H0v99h1000V1\"\/>\n<\/svg>\t\t<\/div>\n\t\t\t\t\t<div class=\"elementor-container elementor-column-gap-default\">\n\t\t\t\t\t<div class=\"elementor-column elementor-col-100 elementor-top-column elementor-element elementor-element-727ea61\" data-id=\"727ea61\" data-element_type=\"column\">\n\t\t\t<div class=\"elementor-widget-wrap elementor-element-populated\">\n\t\t\t\t\t\t\t\t<div class=\"elementor-element elementor-element-7875ac1 wpr-lottie-svg elementor-widget elementor-widget-wpr-lottie-animations\" data-id=\"7875ac1\" data-element_type=\"widget\" data-settings=\"{&quot;json_file&quot;:{&quot;url&quot;:&quot;http:\\\/\\\/meteomoustique.libourne.fr\\\/wp-content\\\/uploads\\\/2023\\\/04\\\/19-magnifier-zoom-search-outline-edited.json&quot;,&quot;id&quot;:124,&quot;size&quot;:&quot;&quot;,&quot;alt&quot;:&quot;&quot;,&quot;source&quot;:&quot;library&quot;},&quot;trigger&quot;:&quot;none&quot;}\" data-widget_type=\"wpr-lottie-animations.default\">\n\t\t\t\t<div class=\"elementor-widget-container\">\n\t\t\t<div class=\"wpr-lottie-animations-wrapper\"><div class=\"wpr-lottie-animations\" data-settings=\"{&quot;loop&quot;:&quot;yes&quot;,&quot;autoplay&quot;:&quot;yes&quot;,&quot;speed&quot;:1,&quot;trigger&quot;:&quot;none&quot;,&quot;reverse&quot;:&quot;&quot;,&quot;scroll_start&quot;:&quot;0&quot;,&quot;scroll_end&quot;:&quot;100&quot;,&quot;lottie_renderer&quot;:&quot;svg&quot;}\" data-json-url=\"http:\/\/meteomoustique.libourne.fr\/wp-content\/uploads\/2023\/04\/19-magnifier-zoom-search-outline-edited.json\"><\/div><\/div>\t\t<\/div>\n\t\t\t\t<\/div>\n\t\t\t\t<div class=\"elementor-element elementor-element-7b5c9d9 wpr-advanced-text-style-highlighted elementor-widget elementor-widget-wpr-advanced-text\" data-id=\"7b5c9d9\" data-element_type=\"widget\" data-widget_type=\"wpr-advanced-text.default\">\n\t\t\t\t<div class=\"elementor-widget-container\">\n\t\t\t\n\t\t<h3 class=\"wpr-advanced-text\">\n\n\t\t\t\t\t\n\t\t\t\n\t\t<span class=\"wpr-highlighted-text\">\n\t\t\t\t\t\n\t\t\t<span class=\"wpr-highlighted-text-inner\">Qui est qista ?<\/span>\n\n\t\t\t<svg xmlns=\"http:\/\/www.w3.org\/2000\/svg\" viewBox=\"0 0 500 150\" class=\"wpr-highlight-underline-zigzag\" preserveAspectRatio=\"none\">\n\t\t\t\t\t\t\t\t<path d=\"M9.3,127.3c49.3-3,150.7-7.6,199.7-7.4c121.9,0.4,189.9,0.4,282.3,7.2C380.1,129.6,181.2,130.6,70,139 c82.6-2.9,254.2-1,335.9,1.3c-56,1.4-137.2-0.3-197.1,9\"><\/path>\n\t\t\t\t\t\t\t<\/svg>\n\t\t\t\t\t<\/span>\n\t\t\t\t\n\t\t<\/h3>\n\t\t\n\t\t\t\t<\/div>\n\t\t\t\t<\/div>\n\t\t\t\t\t<\/div>\n\t\t<\/div>\n\t\t\t\t\t\t\t<\/div>\n\t\t<\/section>\n\t\t\t\t<section class=\"elementor-section elementor-top-section elementor-element elementor-element-5d82efe elementor-section-boxed elementor-section-height-default elementor-section-height-default wpr-particle-no wpr-jarallax-no wpr-parallax-no wpr-sticky-section-no\" data-id=\"5d82efe\" data-element_type=\"section\">\n\t\t\t\t\t\t<div class=\"elementor-container elementor-column-gap-default\">\n\t\t\t\t\t<div class=\"elementor-column elementor-col-50 elementor-top-column elementor-element elementor-element-e3bd91e\" data-id=\"e3bd91e\" data-element_type=\"column\">\n\t\t\t<div class=\"elementor-widget-wrap elementor-element-populated\">\n\t\t\t\t\t\t\t\t<div class=\"elementor-element elementor-element-bb7f0b4 elementor-widget elementor-widget-image\" data-id=\"bb7f0b4\" data-element_type=\"widget\" data-widget_type=\"image.default\">\n\t\t\t\t<div class=\"elementor-widget-container\">\n\t\t\t<style>\/*! elementor - v3.14.0 - 18-06-2023 *\/\n.elementor-widget-image{text-align:center}.elementor-widget-image a{display:inline-block}.elementor-widget-image a img[src$=\".svg\"]{width:48px}.elementor-widget-image img{vertical-align:middle;display:inline-block}<\/style>\t\t\t\t\t\t\t\t\t\t\t\t<img decoding=\"async\" width=\"800\" height=\"240\" src=\"http:\/\/meteomoustique.libourne.fr\/wp-content\/uploads\/2023\/04\/Qista_Logotype_CMJN_BaselineFR-1024x307.png\" class=\"attachment-large size-large wp-image-162\" alt=\"\" loading=\"lazy\" srcset=\"http:\/\/meteomoustique.libourne.fr\/wp-content\/uploads\/2023\/04\/Qista_Logotype_CMJN_BaselineFR-1024x307.png 1024w, http:\/\/meteomoustique.libourne.fr\/wp-content\/uploads\/2023\/04\/Qista_Logotype_CMJN_BaselineFR-300x90.png 300w, http:\/\/meteomoustique.libourne.fr\/wp-content\/uploads\/2023\/04\/Qista_Logotype_CMJN_BaselineFR-768x230.png 768w, http:\/\/meteomoustique.libourne.fr\/wp-content\/uploads\/2023\/04\/Qista_Logotype_CMJN_BaselineFR-1536x461.png 1536w, http:\/\/meteomoustique.libourne.fr\/wp-content\/uploads\/2023\/04\/Qista_Logotype_CMJN_BaselineFR-2048x614.png 2048w\" sizes=\"(max-width: 800px) 100vw, 800px\" \/>\t\t\t\t\t\t\t\t\t\t\t\t\t\t\t<\/div>\n\t\t\t\t<\/div>\n\t\t\t\t\t<\/div>\n\t\t<\/div>\n\t\t\t\t<div class=\"elementor-column elementor-col-50 elementor-top-column elementor-element elementor-element-fd35bf6\" data-id=\"fd35bf6\" data-element_type=\"column\">\n\t\t\t<div class=\"elementor-widget-wrap elementor-element-populated\">\n\t\t\t\t\t\t\t\t<div class=\"elementor-element elementor-element-134d8b2 elementor-widget elementor-widget-text-editor\" data-id=\"134d8b2\" data-element_type=\"widget\" data-widget_type=\"text-editor.default\">\n\t\t\t\t<div class=\"elementor-widget-container\">\n\t\t\t<style>\/*! elementor - v3.14.0 - 18-06-2023 *\/\n.elementor-widget-text-editor.elementor-drop-cap-view-stacked .elementor-drop-cap{background-color:#69727d;color:#fff}.elementor-widget-text-editor.elementor-drop-cap-view-framed .elementor-drop-cap{color:#69727d;border:3px solid;background-color:transparent}.elementor-widget-text-editor:not(.elementor-drop-cap-view-default) .elementor-drop-cap{margin-top:8px}.elementor-widget-text-editor:not(.elementor-drop-cap-view-default) .elementor-drop-cap-letter{width:1em;height:1em}.elementor-widget-text-editor .elementor-drop-cap{float:left;text-align:center;line-height:1;font-size:50px}.elementor-widget-text-editor .elementor-drop-cap-letter{display:inline-block}<\/style>\t\t\t\t<p>En 2022, Libourne signe un partenariat exclusif avec l\u2019entreprise Qista, une entreprise fran\u00e7aise sp\u00e9cialis\u00e9e dans le d\u00e9veloppement de solutions de d\u00e9moustications compl\u00e9mentaires aux m\u00e9thodes traditionnelles et gourmandes en traitement chimique.<\/p><p>Entreprise fran\u00e7aise cr\u00e9\u00e9e en 2014 et aujourd\u2019hui install\u00e9e \u00e0 S\u00e9nas, elle \u00e9quipe plus de 100 collectivit\u00e9s, soucieuses du respect de l\u2019environnement et de la qualit\u00e9 du <i>made in France<\/i>. QISTA exporte \u00e9galement ses bornes dans de nombreux pays \u00e0 l\u2019\u00e9tranger o\u00f9 le moustique est parfois un v\u00e9ritable probl\u00e8me de sant\u00e9 publique.<\/p>\t\t\t\t\t\t<\/div>\n\t\t\t\t<\/div>\n\t\t\t\t\t<\/div>\n\t\t<\/div>\n\t\t\t\t\t\t\t<\/div>\n\t\t<\/section>\n\t\t\t\t<section class=\"elementor-section elementor-top-section elementor-element elementor-element-081186c elementor-section-boxed elementor-section-height-default elementor-section-height-default wpr-particle-no wpr-jarallax-no wpr-parallax-no wpr-sticky-section-no\" data-id=\"081186c\" data-element_type=\"section\" data-settings=\"{&quot;background_background&quot;:&quot;classic&quot;,&quot;shape_divider_top&quot;:&quot;pyramids&quot;,&quot;shape_divider_top_negative&quot;:&quot;yes&quot;}\">\n\t\t\t\t\t<div class=\"elementor-shape elementor-shape-top\" data-negative=\"true\">\n\t\t\t<svg xmlns=\"http:\/\/www.w3.org\/2000\/svg\" viewBox=\"0 0 1000 100\" preserveAspectRatio=\"none\">\n\t<path class=\"elementor-shape-fill\" d=\"M761.9,40.6L643.1,24L333.9,93.8L0.1,1H0v99h1000V1\"\/>\n<\/svg>\t\t<\/div>\n\t\t\t\t\t<div class=\"elementor-container elementor-column-gap-default\">\n\t\t\t\t\t<div class=\"elementor-column elementor-col-50 elementor-top-column elementor-element elementor-element-9e0fe4a\" data-id=\"9e0fe4a\" data-element_type=\"column\">\n\t\t\t<div class=\"elementor-widget-wrap elementor-element-populated\">\n\t\t\t\t\t\t\t\t<div class=\"elementor-element elementor-element-db8de3c elementor-widget elementor-widget-text-editor\" data-id=\"db8de3c\" data-element_type=\"widget\" data-widget_type=\"text-editor.default\">\n\t\t\t\t<div class=\"elementor-widget-container\">\n\t\t\t\t\t\t\t<p>\u00c0 Libourne, c\u2019est la borne <em>Smart Bam <\/em>qui s\u2019est implant\u00e9e dans le quotidien des riverains. Par un principe simple de dispersion de dioxyde de carbone (cens\u00e9 imiter la respiration humaine) et de leurre olfactif, elle capture uniquement les moustiques femelles, . Les autres insectes (abeilles, papillons, coccinelles, etc.) ne sont pas attir\u00e9s par le pi\u00e8ge et ne sont donc pas captur\u00e9s.<\/p><p>QISTA propose donc une solution \u00e0 long terme, respectueuse et soucieuse de son impact sur l\u2019\u00e9cosyst\u00e8me.<\/p><p>Pour plus d\u2019informations <a href=\"https:\/\/qista.com\/\" target=\"_blank\" rel=\"noopener\">rendez-vous sur le site de l\u2019entreprise.<\/a><\/p>\t\t\t\t\t\t<\/div>\n\t\t\t\t<\/div>\n\t\t\t\t\t<\/div>\n\t\t<\/div>\n\t\t\t\t<div class=\"elementor-column elementor-col-50 elementor-top-column elementor-element elementor-element-5969de2\" data-id=\"5969de2\" data-element_type=\"column\">\n\t\t\t<div class=\"elementor-widget-wrap elementor-element-populated\">\n\t\t\t\t\t\t\t\t<div class=\"elementor-element elementor-element-f4eadc0 elementor-widget elementor-widget-image\" data-id=\"f4eadc0\" data-element_type=\"widget\" data-widget_type=\"image.default\">\n\t\t\t\t<div class=\"elementor-widget-container\">\n\t\t\t\t\t\t\t\t\t\t\t\t\t\t\t<img decoding=\"async\" width=\"800\" height=\"640\" src=\"http:\/\/meteomoustique.libourne.fr\/wp-content\/uploads\/2023\/04\/borne-qista-illu-1024x819.png\" class=\"attachment-large size-large wp-image-171\" alt=\"\" loading=\"lazy\" srcset=\"http:\/\/meteomoustique.libourne.fr\/wp-content\/uploads\/2023\/04\/borne-qista-illu-1024x819.png 1024w, http:\/\/meteomoustique.libourne.fr\/wp-content\/uploads\/2023\/04\/borne-qista-illu-300x240.png 300w, http:\/\/meteomoustique.libourne.fr\/wp-content\/uploads\/2023\/04\/borne-qista-illu-768x614.png 768w, http:\/\/meteomoustique.libourne.fr\/wp-content\/uploads\/2023\/04\/borne-qista-illu.png 1280w\" sizes=\"(max-width: 800px) 100vw, 800px\" \/>\t\t\t\t\t\t\t\t\t\t\t\t\t\t\t<\/div>\n\t\t\t\t<\/div>\n\t\t\t\t\t<\/div>\n\t\t<\/div>\n\t\t\t\t\t\t\t<\/div>\n\t\t<\/section>\n\t\t\t\t\t\t\t<\/div>\n\t\t","protected":false},"excerpt":{"rendered":"<p>Qui est qista ? En 2022, Libourne signe un partenariat exclusif avec l\u2019entreprise Qista, une entreprise fran\u00e7aise sp\u00e9cialis\u00e9e dans le d\u00e9veloppement de solutions de d\u00e9moustications compl\u00e9mentaires aux m\u00e9thodes traditionnelles et gourmandes en traitement chimique. Entreprise fran\u00e7aise cr\u00e9\u00e9e en 2014 et aujourd\u2019hui install\u00e9e \u00e0 S\u00e9nas, elle \u00e9quipe plus de 100 collectivit\u00e9s, soucieuses du respect de l\u2019environnement [&hellip;]<\/p>\n","protected":false},"author":1,"featured_media":0,"parent":0,"menu_order":0,"comment_status":"closed","ping_status":"closed","template":"elementor_header_footer","meta":[],"_links":{"self":[{"href":"http:\/\/meteomoustique.libourne.fr\/index.php?rest_route=\/wp\/v2\/pages\/61"}],"collection":[{"href":"http:\/\/meteomoustique.libourne.fr\/index.php?rest_route=\/wp\/v2\/pages"}],"about":[{"href":"http:\/\/meteomoustique.libourne.fr\/index.php?rest_route=\/wp\/v2\/types\/page"}],"author":[{"embeddable":true,"href":"http:\/\/meteomoustique.libourne.fr\/index.php?rest_route=\/wp\/v2\/users\/1"}],"replies":[{"embeddable":true,"href":"http:\/\/meteomoustique.libourne.fr\/index.php?rest_route=%2Fwp%2Fv2%2Fcomments&post=61"}],"version-history":[{"count":22,"href":"http:\/\/meteomoustique.libourne.fr\/index.php?rest_route=\/wp\/v2\/pages\/61\/revisions"}],"predecessor-version":[{"id":501,"href":"http:\/\/meteomoustique.libourne.fr\/index.php?rest_route=\/wp\/v2\/pages\/61\/revisions\/501"}],"wp:attachment":[{"href":"http:\/\/meteomoustique.libourne.fr\/index.php?rest_route=%2Fwp%2Fv2%2Fmedia&parent=61"}],"curies":[{"name":"wp","href":"https:\/\/api.w.org\/{rel}","templated":true}]}}