{"id":56,"date":"2023-04-12T14:50:24","date_gmt":"2023-04-12T12:50:24","guid":{"rendered":"http:\/\/meteomoustique.libourne.fr\/?page_id=56"},"modified":"2023-05-05T15:28:43","modified_gmt":"2023-05-05T13:28:43","slug":"conseils-gestes-a-faire","status":"publish","type":"page","link":"http:\/\/meteomoustique.libourne.fr\/?page_id=56","title":{"rendered":"Conseils \/ Gestes \u00e0 faire"},"content":{"rendered":"\t\t<div data-elementor-type=\"wp-page\" data-elementor-id=\"56\" class=\"elementor elementor-56\">\n\t\t\t\t\t\t\t\t\t<section class=\"elementor-section elementor-top-section elementor-element elementor-element-a030ac3 elementor-section-height-full elementor-section-content-middle elementor-section-boxed elementor-section-height-default elementor-section-items-middle wpr-particle-no wpr-jarallax-no wpr-parallax-no wpr-sticky-section-no\" data-id=\"a030ac3\" data-element_type=\"section\" data-settings=\"{&quot;background_background&quot;:&quot;classic&quot;,&quot;shape_divider_top&quot;:&quot;clouds&quot;,&quot;shape_divider_top_negative&quot;:&quot;yes&quot;,&quot;shape_divider_bottom&quot;:&quot;pyramids&quot;,&quot;shape_divider_bottom_negative&quot;:&quot;yes&quot;}\">\n\t\t\t\t\t\t\t<div class=\"elementor-background-overlay\"><\/div>\n\t\t\t\t\t\t<div class=\"elementor-shape elementor-shape-top\" data-negative=\"true\">\n\t\t\t<svg xmlns=\"http:\/\/www.w3.org\/2000\/svg\" viewBox=\"0 0 283.5 27.8\" preserveAspectRatio=\"xMidYMax slice\">\n\t<path class=\"elementor-shape-fill\" d=\"M265.8 3.5c-10.9 0-15.9 6.2-15.9 6.2s-3.6-3.5-9.2-.9c-9.1 4.1-4.4 13.4-4.4 13.4s-1.2.2-1.9.9c-.6.7-.5 1.9-.5 1.9s-1-.5-2.3-.2c-1.3.3-1.6 1.4-1.6 1.4s.4-3.4-1.5-5c-3.9-3.4-8.3-.2-8.3-.2s-.6-.7-.9-.9c-.4-.2-1.2-.2-1.2-.2s-4.4-3.6-11.5-2.6-10.4 7.9-10.4 7.9-.5-3.3-3.9-4.9c-4.8-2.4-7.4 0-7.4 0s2.4-4.1-1.9-6.4-6.2 1.2-6.2 1.2-.9-.5-2.1-.5-2.3 1.1-2.3 1.1.1-.7-1.1-1.1c-1.2-.4-2 0-2 0s3.6-6.8-3.5-8.9c-6-1.8-7.9 2.6-8.4 4-.1-.3-.4-.7-.9-1.1-1-.7-1.3-.5-1.3-.5s1-4-1.7-5.2c-2.7-1.2-4.2 1.1-4.2 1.1s-3.1-1-5.7 1.4-2.1 5.5-2.1 5.5-.9 0-2.1.7-1.4 1.7-1.4 1.7-1.7-1.2-4.3-1.2c-2.6 0-4.5 1.2-4.5 1.2s-.7-1.5-2.8-2.4c-2.1-.9-4 0-4 0s2.6-5.9-4.7-9c-7.3-3.1-12.6 3.3-12.6 3.3s-.9 0-1.9.2c-.9.2-1.5.9-1.5.9S99.4 3 94.9 3.9c-4.5.9-5.7 5.7-5.7 5.7s-2.8-5-12.3-3.9-11.1 6-11.1 6-1.2-1.4-4-.7c-.8.2-1.3.5-1.8.9-.9-2.1-2.7-4.9-6.2-4.4-3.2.4-4 2.2-4 2.2s-.5-.7-1.2-.7h-1.4s-.5-.9-1.7-1.4-2.4 0-2.4 0-2.4-1.2-4.7 0-3.1 4.1-3.1 4.1-1.7-1.4-3.6-.7c-1.9.7-1.9 2.8-1.9 2.8s-.5-.5-1.7-.2c-1.2.2-1.4.7-1.4.7s-.7-2.3-2.8-2.8c-2.1-.5-4.3.2-4.3.2s-1.7-5-11.1-6c-3.8-.4-6.6.2-8.5 1v21.2h283.5V11.1c-.9.2-1.6.4-1.6.4s-5.2-8-16.1-8z\"\/>\n<\/svg>\n\t\t<\/div>\n\t\t\t\t<div class=\"elementor-shape elementor-shape-bottom\" data-negative=\"true\">\n\t\t\t<svg xmlns=\"http:\/\/www.w3.org\/2000\/svg\" viewBox=\"0 0 1000 100\" preserveAspectRatio=\"none\">\n\t<path class=\"elementor-shape-fill\" d=\"M761.9,40.6L643.1,24L333.9,93.8L0.1,1H0v99h1000V1\"\/>\n<\/svg>\t\t<\/div>\n\t\t\t\t\t<div class=\"elementor-container elementor-column-gap-default\">\n\t\t\t\t\t<div class=\"elementor-column elementor-col-100 elementor-top-column elementor-element elementor-element-727ea61\" data-id=\"727ea61\" data-element_type=\"column\">\n\t\t\t<div class=\"elementor-widget-wrap elementor-element-populated\">\n\t\t\t\t\t\t\t\t<div class=\"elementor-element elementor-element-55de267 wpr-lottie-svg elementor-widget elementor-widget-wpr-lottie-animations\" data-id=\"55de267\" data-element_type=\"widget\" data-settings=\"{&quot;json_file&quot;:{&quot;url&quot;:&quot;http:\\\/\\\/meteomoustique.libourne.fr\\\/wp-content\\\/uploads\\\/2023\\\/04\\\/981-consultation-outline-edited.json&quot;,&quot;id&quot;:108,&quot;size&quot;:&quot;&quot;,&quot;alt&quot;:&quot;&quot;,&quot;source&quot;:&quot;library&quot;},&quot;trigger&quot;:&quot;none&quot;}\" data-widget_type=\"wpr-lottie-animations.default\">\n\t\t\t\t<div class=\"elementor-widget-container\">\n\t\t\t<div class=\"wpr-lottie-animations-wrapper\"><div class=\"wpr-lottie-animations\" data-settings=\"{&quot;loop&quot;:&quot;yes&quot;,&quot;autoplay&quot;:&quot;yes&quot;,&quot;speed&quot;:1,&quot;trigger&quot;:&quot;none&quot;,&quot;reverse&quot;:&quot;&quot;,&quot;scroll_start&quot;:&quot;0&quot;,&quot;scroll_end&quot;:&quot;100&quot;,&quot;lottie_renderer&quot;:&quot;svg&quot;}\" data-json-url=\"http:\/\/meteomoustique.libourne.fr\/wp-content\/uploads\/2023\/04\/981-consultation-outline-edited.json\"><\/div><\/div>\t\t<\/div>\n\t\t\t\t<\/div>\n\t\t\t\t<div class=\"elementor-element elementor-element-d448d47 wpr-advanced-text-style-highlighted elementor-widget elementor-widget-wpr-advanced-text\" data-id=\"d448d47\" data-element_type=\"widget\" data-widget_type=\"wpr-advanced-text.default\">\n\t\t\t\t<div class=\"elementor-widget-container\">\n\t\t\t\n\t\t<h3 class=\"wpr-advanced-text\">\n\n\t\t\t\t\t\n\t\t\t\n\t\t<span class=\"wpr-highlighted-text\">\n\t\t\t\t\t\n\t\t\t<span class=\"wpr-highlighted-text-inner\">Conseils \/ gestes \u00e0 faire<\/span>\n\n\t\t\t<svg xmlns=\"http:\/\/www.w3.org\/2000\/svg\" viewBox=\"0 0 500 150\" class=\"wpr-highlight-underline-zigzag\" preserveAspectRatio=\"none\">\n\t\t\t\t\t\t\t\t<path d=\"M9.3,127.3c49.3-3,150.7-7.6,199.7-7.4c121.9,0.4,189.9,0.4,282.3,7.2C380.1,129.6,181.2,130.6,70,139 c82.6-2.9,254.2-1,335.9,1.3c-56,1.4-137.2-0.3-197.1,9\"><\/path>\n\t\t\t\t\t\t\t<\/svg>\n\t\t\t\t\t<\/span>\n\t\t\t\t\n\t\t<\/h3>\n\t\t\n\t\t\t\t<\/div>\n\t\t\t\t<\/div>\n\t\t\t\t\t<\/div>\n\t\t<\/div>\n\t\t\t\t\t\t\t<\/div>\n\t\t<\/section>\n\t\t\t\t<section class=\"elementor-section elementor-top-section elementor-element elementor-element-8bb6e5c elementor-section-boxed elementor-section-height-default elementor-section-height-default wpr-particle-no wpr-jarallax-no wpr-parallax-no wpr-sticky-section-no\" data-id=\"8bb6e5c\" data-element_type=\"section\">\n\t\t\t\t\t\t<div class=\"elementor-container elementor-column-gap-default\">\n\t\t\t\t\t<div class=\"elementor-column elementor-col-100 elementor-top-column elementor-element elementor-element-10f66e4\" data-id=\"10f66e4\" data-element_type=\"column\">\n\t\t\t<div class=\"elementor-widget-wrap elementor-element-populated\">\n\t\t\t\t\t\t\t\t<div class=\"elementor-element elementor-element-a055ad3 elementor-widget elementor-widget-text-editor\" data-id=\"a055ad3\" data-element_type=\"widget\" data-widget_type=\"text-editor.default\">\n\t\t\t\t<div class=\"elementor-widget-container\">\n\t\t\t<style>\/*! elementor - v3.14.0 - 18-06-2023 *\/\n.elementor-widget-text-editor.elementor-drop-cap-view-stacked .elementor-drop-cap{background-color:#69727d;color:#fff}.elementor-widget-text-editor.elementor-drop-cap-view-framed .elementor-drop-cap{color:#69727d;border:3px solid;background-color:transparent}.elementor-widget-text-editor:not(.elementor-drop-cap-view-default) .elementor-drop-cap{margin-top:8px}.elementor-widget-text-editor:not(.elementor-drop-cap-view-default) .elementor-drop-cap-letter{width:1em;height:1em}.elementor-widget-text-editor .elementor-drop-cap{float:left;text-align:center;line-height:1;font-size:50px}.elementor-widget-text-editor .elementor-drop-cap-letter{display:inline-block}<\/style>\t\t\t\t<p>La ville de Libourne compte, comme de nombreuses communes, plusieurs esp\u00e8ces de moustiques, dont le moustique tigre, reconnaissable \u00e0 sa silhouette noire et \u00e0 ses rayures blanches, sur l\u2019abdomen et les pattes. Il est g\u00e9n\u00e9ralement, en activit\u00e9 de mai \u00e0 novembre, en fonction de la temp\u00e9rature et de la luminosit\u00e9.<\/p><p>Face \u00e0 ces nuisibles, la ville investie grandement et de mani\u00e8re \u00e9coresponsable dans le domaine public. <strong>Mais lutter contre le moustique tigre est l\u2019affaire de tous et vous devez aussi participer \u00e0 vaincre cette invasion saisonni\u00e8re\u00a0!<\/strong><\/p><p>On vous explique tout !<\/p>\t\t\t\t\t\t<\/div>\n\t\t\t\t<\/div>\n\t\t\t\t\t<\/div>\n\t\t<\/div>\n\t\t\t\t\t\t\t<\/div>\n\t\t<\/section>\n\t\t\t\t<section class=\"elementor-section elementor-top-section elementor-element elementor-element-98df594 elementor-section-boxed elementor-section-height-default elementor-section-height-default wpr-particle-no wpr-jarallax-no wpr-parallax-no wpr-sticky-section-no\" data-id=\"98df594\" data-element_type=\"section\" data-settings=\"{&quot;background_background&quot;:&quot;classic&quot;,&quot;shape_divider_top&quot;:&quot;pyramids&quot;,&quot;shape_divider_bottom&quot;:&quot;pyramids&quot;,&quot;shape_divider_bottom_negative&quot;:&quot;yes&quot;}\">\n\t\t\t\t\t<div class=\"elementor-shape elementor-shape-top\" data-negative=\"false\">\n\t\t\t<svg xmlns=\"http:\/\/www.w3.org\/2000\/svg\" viewBox=\"0 0 1000 100\" preserveAspectRatio=\"none\">\n\t<path class=\"elementor-shape-fill\" d=\"M761.9,44.1L643.1,27.2L333.8,98L0,3.8V0l1000,0v3.9\"\/>\n<\/svg>\t\t<\/div>\n\t\t\t\t<div class=\"elementor-shape elementor-shape-bottom\" data-negative=\"true\">\n\t\t\t<svg xmlns=\"http:\/\/www.w3.org\/2000\/svg\" viewBox=\"0 0 1000 100\" preserveAspectRatio=\"none\">\n\t<path class=\"elementor-shape-fill\" d=\"M761.9,40.6L643.1,24L333.9,93.8L0.1,1H0v99h1000V1\"\/>\n<\/svg>\t\t<\/div>\n\t\t\t\t\t<div class=\"elementor-container elementor-column-gap-default\">\n\t\t\t\t\t<div class=\"elementor-column elementor-col-50 elementor-top-column elementor-element elementor-element-181a83e\" data-id=\"181a83e\" data-element_type=\"column\">\n\t\t\t<div class=\"elementor-widget-wrap elementor-element-populated\">\n\t\t\t\t\t\t\t\t<div class=\"elementor-element elementor-element-6718195 eael-dual-header-content-align-left elementor-widget elementor-widget-eael-dual-color-header\" data-id=\"6718195\" data-element_type=\"widget\" data-widget_type=\"eael-dual-color-header.default\">\n\t\t\t\t<div class=\"elementor-widget-container\">\n\t\t\t\n\t\t\n\t\t\n\t\t\t\t<div class=\"eael-dual-header\">\n\t\t\t\t<span class=\"subtext\"><\/span>\n\t\t\t\t<h2 class=\"title\"><span  class=\"lead solid-color\">Une petite fiche caract\u00e9ristique<\/span> <span><\/span><\/h2>\n\t\t<div class=\"eael-dch-separator-wrap\"><span class=\"separator-one\"><\/span>\n\t\t\t<span class=\"separator-two\"><\/span><\/div>\t\t<\/div>\n\t\n\t\t\n\t\t\t\t<\/div>\n\t\t\t\t<\/div>\n\t\t\t\t<div class=\"elementor-element elementor-element-54cb71f elementor-widget elementor-widget-text-editor\" data-id=\"54cb71f\" data-element_type=\"widget\" data-widget_type=\"text-editor.default\">\n\t\t\t\t<div class=\"elementor-widget-container\">\n\t\t\t\t\t\t\t<ul><li><strong>Caract\u00e9ristiques :<\/strong> Pattes ray\u00e9es noires et blanches, moustique tr\u00e8s agressif<\/li><li><strong>Taille :<\/strong> Moins de 7mm<\/li><li><strong>P\u00e9riode de prolif\u00e9ration :\u00a0<\/strong> D&rsquo;avril \u00e0 novembre (selon la m\u00e9t\u00e9o)<\/li><li><strong>Horaires d\u2019activit\u00e9 :\u00a0<\/strong> 3 pics d\u2019activit\u00e9s principales, le matin, le midi et en soir\u00e9e<\/li><li><strong>Espace vital de pr\u00e9dilection :<\/strong> Moustique diurne qui vit au contact de l&rsquo;humain<\/li><li><strong>Une petite quantit\u00e9 d\u2019eau suffit<\/strong> \u00e0 la femelle pour pondre ses \u0153ufs (\u00e9quivalent d\u2019un bouchon d\u2019eau)<\/li><li><strong>Zone d&rsquo;activit\u00e9<\/strong> <strong>:<\/strong> 150m autour de son lieu de naissance<\/li><li><strong>Fr\u00e9quence de ponte :<\/strong> 200 \u00e0 400 \u0153ufs en un mois<\/li><li><strong>R\u00e9sistance des \u0153ufs :<\/strong> plusieurs mois malgr\u00e9 des conditions d\u00e9favorables\u00a0<\/li><li><strong>Maladies associ\u00e9es :<\/strong> la dengue, le chikungunya, le Zika, etc.<\/li><\/ul>\t\t\t\t\t\t<\/div>\n\t\t\t\t<\/div>\n\t\t\t\t\t<\/div>\n\t\t<\/div>\n\t\t\t\t<div class=\"elementor-column elementor-col-50 elementor-top-column elementor-element elementor-element-c0c70a7\" data-id=\"c0c70a7\" data-element_type=\"column\">\n\t\t\t<div class=\"elementor-widget-wrap elementor-element-populated\">\n\t\t\t\t\t\t\t\t<div class=\"elementor-element elementor-element-cc80468 elementor-widget elementor-widget-image\" data-id=\"cc80468\" data-element_type=\"widget\" data-widget_type=\"image.default\">\n\t\t\t\t<div class=\"elementor-widget-container\">\n\t\t\t<style>\/*! elementor - v3.14.0 - 18-06-2023 *\/\n.elementor-widget-image{text-align:center}.elementor-widget-image a{display:inline-block}.elementor-widget-image a img[src$=\".svg\"]{width:48px}.elementor-widget-image img{vertical-align:middle;display:inline-block}<\/style>\t\t\t\t\t\t\t\t\t\t\t\t<img decoding=\"async\" width=\"800\" height=\"534\" src=\"http:\/\/meteomoustique.libourne.fr\/wp-content\/uploads\/2023\/05\/AdobeStock_278955486-1024x683.jpeg\" class=\"attachment-large size-large wp-image-444\" alt=\"\" loading=\"lazy\" srcset=\"http:\/\/meteomoustique.libourne.fr\/wp-content\/uploads\/2023\/05\/AdobeStock_278955486-1024x683.jpeg 1024w, http:\/\/meteomoustique.libourne.fr\/wp-content\/uploads\/2023\/05\/AdobeStock_278955486-300x200.jpeg 300w, http:\/\/meteomoustique.libourne.fr\/wp-content\/uploads\/2023\/05\/AdobeStock_278955486-768x512.jpeg 768w, http:\/\/meteomoustique.libourne.fr\/wp-content\/uploads\/2023\/05\/AdobeStock_278955486-1536x1024.jpeg 1536w, http:\/\/meteomoustique.libourne.fr\/wp-content\/uploads\/2023\/05\/AdobeStock_278955486-2048x1365.jpeg 2048w\" sizes=\"(max-width: 800px) 100vw, 800px\" \/>\t\t\t\t\t\t\t\t\t\t\t\t\t\t\t<\/div>\n\t\t\t\t<\/div>\n\t\t\t\t\t<\/div>\n\t\t<\/div>\n\t\t\t\t\t\t\t<\/div>\n\t\t<\/section>\n\t\t\t\t<section class=\"elementor-section elementor-top-section elementor-element elementor-element-5027a0d elementor-section-boxed elementor-section-height-default elementor-section-height-default wpr-particle-no wpr-jarallax-no wpr-parallax-no wpr-sticky-section-no\" data-id=\"5027a0d\" data-element_type=\"section\">\n\t\t\t\t\t\t<div class=\"elementor-container elementor-column-gap-default\">\n\t\t\t\t\t<div class=\"elementor-column elementor-col-100 elementor-top-column elementor-element elementor-element-a11e2ba\" data-id=\"a11e2ba\" data-element_type=\"column\">\n\t\t\t<div class=\"elementor-widget-wrap elementor-element-populated\">\n\t\t\t\t\t\t\t\t<div class=\"elementor-element elementor-element-5da9ec2 eael-dual-header-content-align-left elementor-widget elementor-widget-eael-dual-color-header\" data-id=\"5da9ec2\" data-element_type=\"widget\" data-widget_type=\"eael-dual-color-header.default\">\n\t\t\t\t<div class=\"elementor-widget-container\">\n\t\t\t\n\t\t        <div class=\"eael-dual-header\">\n\t\t\t\t<h2 class=\"title\"><span  class=\"lead solid-color\">Pour d\u00e9truire le moustique tigre<\/span> <span><\/span><\/h2>\n\t\t<div class=\"eael-dch-separator-wrap\"><span class=\"separator-one\"><\/span>\n\t\t\t<span class=\"separator-two\"><\/span><\/div>\t\t<span class=\"subtext\"><p><span class=\"Aucun\">il faut connaitre son mode de vie<\/span><\/p><\/span>\n\t\t\t\t<\/div>\n\t\n\t\t\n\t\t\n\t\t\n\t\t\t\t<\/div>\n\t\t\t\t<\/div>\n\t\t\t\t<div class=\"elementor-element elementor-element-c163136 elementor-widget elementor-widget-text-editor\" data-id=\"c163136\" data-element_type=\"widget\" data-widget_type=\"text-editor.default\">\n\t\t\t\t<div class=\"elementor-widget-container\">\n\t\t\t\t\t\t\t<p class=\"Corps\">Directement pr\u00e9sents dans vos espaces ext\u00e9rieurs, un moustique qui pique est un moustique qui est n\u00e9 chez vous ! Afin de limiter sa prolif\u00e9ration et de profiter pleinement de votre jardin ou terrasse, <strong>il suffit de quelques gestes simples qui, op\u00e9r\u00e9s de mani\u00e8re collective et r\u00e9guli\u00e8rement, traitera le probl\u00e8me \u00e0 sa source et r\u00e9duira la nuisance.<\/strong><\/p><p>Mieux vaut pr\u00e9venir que gu\u00e9rir ! Ces conseils permettront d\u2019\u00e9liminer facilement les lieux de vie et de ponte du moustique.<\/p><p><strong>Pas d\u2019eau stagnante = pas de moustique : les 6 actions<\/strong><\/p><ol><li><strong>Entretenir<\/strong>\u00a0: piscine, bassin, r\u00e9parer les fuites d\u2019eau,<\/li><li><strong>Vider<\/strong>\u00a0: coupelles de fleurs, gamelles, plis de b\u00e2ches.\u00a0<strong><u>Le faire une fois par semaine<\/u><\/strong><\/li><li><strong>Ranger<\/strong>\u00a0: brouettes, seaux, poubelles, arrosoirs \u2026<\/li><li><strong>Couvrir\u00a0<\/strong>: creux d\u2019arbre, cuves et r\u00e9cup\u00e9rateurs d\u2019eau<\/li><li><strong>Curer<\/strong>\u00a0: siphons d\u2019\u00e9vier, goutti\u00e8res, caniveaux, toiture.<\/li><li><strong>Am\u00e9nager<\/strong>\u00a0: \u00e9liminer les bambous, planter du romarin, thym, lavande.<\/li><\/ol>\t\t\t\t\t\t<\/div>\n\t\t\t\t<\/div>\n\t\t\t\t<div class=\"elementor-element elementor-element-acceacb elementor-widget elementor-widget-heading\" data-id=\"acceacb\" data-element_type=\"widget\" data-widget_type=\"heading.default\">\n\t\t\t\t<div class=\"elementor-widget-container\">\n\t\t\t<style>\/*! elementor - v3.14.0 - 18-06-2023 *\/\n.elementor-heading-title{padding:0;margin:0;line-height:1}.elementor-widget-heading .elementor-heading-title[class*=elementor-size-]>a{color:inherit;font-size:inherit;line-height:inherit}.elementor-widget-heading .elementor-heading-title.elementor-size-small{font-size:15px}.elementor-widget-heading .elementor-heading-title.elementor-size-medium{font-size:19px}.elementor-widget-heading .elementor-heading-title.elementor-size-large{font-size:29px}.elementor-widget-heading .elementor-heading-title.elementor-size-xl{font-size:39px}.elementor-widget-heading .elementor-heading-title.elementor-size-xxl{font-size:59px}<\/style><h2 class=\"elementor-heading-title elementor-size-default\">Le saviez-vous ?<\/h2>\t\t<\/div>\n\t\t\t\t<\/div>\n\t\t\t\t<div class=\"elementor-element elementor-element-4ea20cb elementor-widget elementor-widget-text-editor\" data-id=\"4ea20cb\" data-element_type=\"widget\" data-widget_type=\"text-editor.default\">\n\t\t\t\t<div class=\"elementor-widget-container\">\n\t\t\t\t\t\t\t<p>80% des moustiques tigres pondent dans des g\u00eetes anthropiques (cr\u00e9es par l&rsquo;Homme).<\/p>\t\t\t\t\t\t<\/div>\n\t\t\t\t<\/div>\n\t\t\t\t<div class=\"elementor-element elementor-element-55dfe38 elementor-widget elementor-widget-heading\" data-id=\"55dfe38\" data-element_type=\"widget\" data-widget_type=\"heading.default\">\n\t\t\t\t<div class=\"elementor-widget-container\">\n\t\t\t<h2 class=\"elementor-heading-title elementor-size-default\">Comment agir ?<\/h2>\t\t<\/div>\n\t\t\t\t<\/div>\n\t\t\t\t<div class=\"elementor-element elementor-element-41bd0fa elementor-widget elementor-widget-text-editor\" data-id=\"41bd0fa\" data-element_type=\"widget\" data-widget_type=\"text-editor.default\">\n\t\t\t\t<div class=\"elementor-widget-container\">\n\t\t\t\t\t\t\t<p>Les conseils pr\u00e9c\u00e9dents sont tr\u00e8s efficaces, mais vous pouvez y ajouter d\u2019autres gestes simples comme :<\/p><ul><li>Utiliser des barri\u00e8res naturelles : spray cutan\u00e9es, ventilateurs, moustiquaires, plantes anti-moustiques pos\u00e9es au bord des fen\u00eatres (citronnelle, m\u00e9lisse, thym, citron, etc.)<\/li><li>Installer des pi\u00e8ges (attention certains vendus en grande surface sont dangereux pour l\u2019environnement et peu efficaces)<\/li><li>Faire des courants d&rsquo;air, car c&rsquo;est un moustique qui vole bas et mal<\/li><li>Utiliser en dernier recours des larvicides biologiques (toxines bact\u00e9riennes)<\/li><\/ul>\t\t\t\t\t\t<\/div>\n\t\t\t\t<\/div>\n\t\t\t\t<div class=\"elementor-element elementor-element-5b1afca elementor-widget elementor-widget-heading\" data-id=\"5b1afca\" data-element_type=\"widget\" data-widget_type=\"heading.default\">\n\t\t\t\t<div class=\"elementor-widget-container\">\n\t\t\t<h2 class=\"elementor-heading-title elementor-size-default\">Le saviez-vous ?<\/h2>\t\t<\/div>\n\t\t\t\t<\/div>\n\t\t\t\t<div class=\"elementor-element elementor-element-ddcbf2c elementor-widget elementor-widget-text-editor\" data-id=\"ddcbf2c\" data-element_type=\"widget\" data-widget_type=\"text-editor.default\">\n\t\t\t\t<div class=\"elementor-widget-container\">\n\t\t\t\t\t\t\t<p>Les chauves-souris et hirondelles sont les principaux pr\u00e9dateurs des moustiques. La ville de Libourne a d\u00e9j\u00e0 install\u00e9 des nichoirs sur son domaine public afin d\u2019abriter ces alli\u00e9s pr\u00e9cieux. Vous pouvez en faire de m\u00eame dans vos jardins !<\/p>\t\t\t\t\t\t<\/div>\n\t\t\t\t<\/div>\n\t\t\t\t\t<\/div>\n\t\t<\/div>\n\t\t\t\t\t\t\t<\/div>\n\t\t<\/section>\n\t\t\t\t<section class=\"elementor-section elementor-top-section elementor-element elementor-element-6d2c4ef elementor-section-boxed elementor-section-height-default elementor-section-height-default wpr-particle-no wpr-jarallax-no wpr-parallax-no wpr-sticky-section-no\" data-id=\"6d2c4ef\" data-element_type=\"section\" data-settings=\"{&quot;background_background&quot;:&quot;classic&quot;,&quot;shape_divider_top&quot;:&quot;pyramids&quot;}\">\n\t\t\t\t\t<div class=\"elementor-shape elementor-shape-top\" data-negative=\"false\">\n\t\t\t<svg xmlns=\"http:\/\/www.w3.org\/2000\/svg\" viewBox=\"0 0 1000 100\" preserveAspectRatio=\"none\">\n\t<path class=\"elementor-shape-fill\" d=\"M761.9,44.1L643.1,27.2L333.8,98L0,3.8V0l1000,0v3.9\"\/>\n<\/svg>\t\t<\/div>\n\t\t\t\t\t<div class=\"elementor-container elementor-column-gap-default\">\n\t\t\t\t\t<div class=\"elementor-column elementor-col-100 elementor-top-column elementor-element elementor-element-1c06735\" data-id=\"1c06735\" data-element_type=\"column\">\n\t\t\t<div class=\"elementor-widget-wrap elementor-element-populated\">\n\t\t\t\t\t\t\t\t<div class=\"elementor-element elementor-element-83b15df eael-dual-header-content-align-left elementor-widget elementor-widget-eael-dual-color-header\" data-id=\"83b15df\" data-element_type=\"widget\" data-widget_type=\"eael-dual-color-header.default\">\n\t\t\t\t<div class=\"elementor-widget-container\">\n\t\t\t\n\t\t\n\t\t\n\t\t\t\t<div class=\"eael-dual-header\">\n\t\t\t\t<span class=\"subtext\"><\/span>\n\t\t\t\t<h2 class=\"title\"><span  class=\"lead solid-color\">Construire son propre pi\u00e8ge \u00e0 moustique<\/span> <span><\/span><\/h2>\n\t\t<div class=\"eael-dch-separator-wrap\"><span class=\"separator-one\"><\/span>\n\t\t\t<span class=\"separator-two\"><\/span><\/div>\t\t<\/div>\n\t\n\t\t\n\t\t\t\t<\/div>\n\t\t\t\t<\/div>\n\t\t\t\t<div class=\"elementor-element elementor-element-b9aafda elementor-widget elementor-widget-text-editor\" data-id=\"b9aafda\" data-element_type=\"widget\" data-widget_type=\"text-editor.default\">\n\t\t\t\t<div class=\"elementor-widget-container\">\n\t\t\t\t\t\t\t<p><strong>Ingr\u00e9dients <\/strong><strong>: <\/strong><\/p><ul><li>200 ml d\u2019eau<\/li><li>50g de sucre brun<\/li><li>1g de levure de bi\u00e8re ou levure boulanger d\u00e9shydrat\u00e9<\/li><li>Une bouteille vide de Soda de 2 Litres<\/li><li>Rouleau de scotch<\/li><\/ul><p><strong><br \/>\u00c9tapes <\/strong><strong>: <\/strong><\/p><ul><li>\u00c0 l\u2019aide d\u2019un couteau ou d\u2019un ciseau couper la bouteille en deux, juste un peu au dessus du milieu pour avoir assez de place pour le liquide<\/li><li>Faire bouillir 200 ml d\u2019eau dans une casserole<\/li><li>Ajouter 50g de sucre brun dans cette m\u00eame casserole<\/li><li>Enlever la casserole du feu une dois que le sucre est compl\u00e8tement dissout dans l\u2019eau<\/li><li>Laisser le m\u00e9lange obtenu refroidir en dessous des 30\u00b0C<\/li><li>Verser ensuite le sirop dans la partie inf\u00e9rieure de la bouteille<\/li><li>Ajouter le gramme de levure de bi\u00e8re. (Ne pas m\u00e9langer)<\/li><li>Prendre le haut de la bouteille (goulot vers le bas) pour l\u2019embo\u00eeter dans la partie inf\u00e9rieure<\/li><li>Utiliser du scotch pour coller les deux moiti\u00e9s de la bouteille<\/li><\/ul>\t\t\t\t\t\t<\/div>\n\t\t\t\t<\/div>\n\t\t\t\t\t<\/div>\n\t\t<\/div>\n\t\t\t\t\t\t\t<\/div>\n\t\t<\/section>\n\t\t\t\t\t\t\t<\/div>\n\t\t","protected":false},"excerpt":{"rendered":"<p>Conseils \/ gestes \u00e0 faire La ville de Libourne compte, comme de nombreuses communes, plusieurs esp\u00e8ces de moustiques, dont le moustique tigre, reconnaissable \u00e0 sa silhouette noire et \u00e0 ses rayures blanches, sur l\u2019abdomen et les pattes. Il est g\u00e9n\u00e9ralement, en activit\u00e9 de mai \u00e0 novembre, en fonction de la temp\u00e9rature et de la luminosit\u00e9. [&hellip;]<\/p>\n","protected":false},"author":1,"featured_media":0,"parent":0,"menu_order":0,"comment_status":"closed","ping_status":"closed","template":"elementor_header_footer","meta":[],"_links":{"self":[{"href":"http:\/\/meteomoustique.libourne.fr\/index.php?rest_route=\/wp\/v2\/pages\/56"}],"collection":[{"href":"http:\/\/meteomoustique.libourne.fr\/index.php?rest_route=\/wp\/v2\/pages"}],"about":[{"href":"http:\/\/meteomoustique.libourne.fr\/index.php?rest_route=\/wp\/v2\/types\/page"}],"author":[{"embeddable":true,"href":"http:\/\/meteomoustique.libourne.fr\/index.php?rest_route=\/wp\/v2\/users\/1"}],"replies":[{"embeddable":true,"href":"http:\/\/meteomoustique.libourne.fr\/index.php?rest_route=%2Fwp%2Fv2%2Fcomments&post=56"}],"version-history":[{"count":139,"href":"http:\/\/meteomoustique.libourne.fr\/index.php?rest_route=\/wp\/v2\/pages\/56\/revisions"}],"predecessor-version":[{"id":498,"href":"http:\/\/meteomoustique.libourne.fr\/index.php?rest_route=\/wp\/v2\/pages\/56\/revisions\/498"}],"wp:attachment":[{"href":"http:\/\/meteomoustique.libourne.fr\/index.php?rest_route=%2Fwp%2Fv2%2Fmedia&parent=56"}],"curies":[{"name":"wp","href":"https:\/\/api.w.org\/{rel}","templated":true}]}}