{"id":2,"date":"2023-04-03T16:46:20","date_gmt":"2023-04-03T14:46:20","guid":{"rendered":"http:\/\/meteomoustique.libourne.fr\/?page_id=2"},"modified":"2024-10-15T16:22:10","modified_gmt":"2024-10-15T14:22:10","slug":"page-d-exemple","status":"publish","type":"page","link":"http:\/\/meteomoustique.libourne.fr\/","title":{"rendered":"Accueil"},"content":{"rendered":"\t\t<div data-elementor-type=\"wp-page\" data-elementor-id=\"2\" class=\"elementor elementor-2\">\n\t\t\t\t\t\t\t\t\t<section class=\"elementor-section elementor-top-section elementor-element elementor-element-a030ac3 elementor-section-height-full elementor-section-content-middle elementor-section-boxed elementor-section-height-default elementor-section-items-middle wpr-particle-no wpr-jarallax-no wpr-parallax-no wpr-sticky-section-no\" data-id=\"a030ac3\" data-element_type=\"section\" data-settings=\"{&quot;background_background&quot;:&quot;classic&quot;,&quot;shape_divider_top&quot;:&quot;clouds&quot;,&quot;shape_divider_top_negative&quot;:&quot;yes&quot;,&quot;shape_divider_bottom&quot;:&quot;pyramids&quot;,&quot;shape_divider_bottom_negative&quot;:&quot;yes&quot;}\">\n\t\t\t\t\t\t\t<div class=\"elementor-background-overlay\"><\/div>\n\t\t\t\t\t\t<div class=\"elementor-shape elementor-shape-top\" data-negative=\"true\">\n\t\t\t<svg xmlns=\"http:\/\/www.w3.org\/2000\/svg\" viewBox=\"0 0 283.5 27.8\" preserveAspectRatio=\"xMidYMax slice\">\n\t<path class=\"elementor-shape-fill\" d=\"M265.8 3.5c-10.9 0-15.9 6.2-15.9 6.2s-3.6-3.5-9.2-.9c-9.1 4.1-4.4 13.4-4.4 13.4s-1.2.2-1.9.9c-.6.7-.5 1.9-.5 1.9s-1-.5-2.3-.2c-1.3.3-1.6 1.4-1.6 1.4s.4-3.4-1.5-5c-3.9-3.4-8.3-.2-8.3-.2s-.6-.7-.9-.9c-.4-.2-1.2-.2-1.2-.2s-4.4-3.6-11.5-2.6-10.4 7.9-10.4 7.9-.5-3.3-3.9-4.9c-4.8-2.4-7.4 0-7.4 0s2.4-4.1-1.9-6.4-6.2 1.2-6.2 1.2-.9-.5-2.1-.5-2.3 1.1-2.3 1.1.1-.7-1.1-1.1c-1.2-.4-2 0-2 0s3.6-6.8-3.5-8.9c-6-1.8-7.9 2.6-8.4 4-.1-.3-.4-.7-.9-1.1-1-.7-1.3-.5-1.3-.5s1-4-1.7-5.2c-2.7-1.2-4.2 1.1-4.2 1.1s-3.1-1-5.7 1.4-2.1 5.5-2.1 5.5-.9 0-2.1.7-1.4 1.7-1.4 1.7-1.7-1.2-4.3-1.2c-2.6 0-4.5 1.2-4.5 1.2s-.7-1.5-2.8-2.4c-2.1-.9-4 0-4 0s2.6-5.9-4.7-9c-7.3-3.1-12.6 3.3-12.6 3.3s-.9 0-1.9.2c-.9.2-1.5.9-1.5.9S99.4 3 94.9 3.9c-4.5.9-5.7 5.7-5.7 5.7s-2.8-5-12.3-3.9-11.1 6-11.1 6-1.2-1.4-4-.7c-.8.2-1.3.5-1.8.9-.9-2.1-2.7-4.9-6.2-4.4-3.2.4-4 2.2-4 2.2s-.5-.7-1.2-.7h-1.4s-.5-.9-1.7-1.4-2.4 0-2.4 0-2.4-1.2-4.7 0-3.1 4.1-3.1 4.1-1.7-1.4-3.6-.7c-1.9.7-1.9 2.8-1.9 2.8s-.5-.5-1.7-.2c-1.2.2-1.4.7-1.4.7s-.7-2.3-2.8-2.8c-2.1-.5-4.3.2-4.3.2s-1.7-5-11.1-6c-3.8-.4-6.6.2-8.5 1v21.2h283.5V11.1c-.9.2-1.6.4-1.6.4s-5.2-8-16.1-8z\"\/>\n<\/svg>\n\t\t<\/div>\n\t\t\t\t<div class=\"elementor-shape elementor-shape-bottom\" data-negative=\"true\">\n\t\t\t<svg xmlns=\"http:\/\/www.w3.org\/2000\/svg\" viewBox=\"0 0 1000 100\" preserveAspectRatio=\"none\">\n\t<path class=\"elementor-shape-fill\" d=\"M761.9,40.6L643.1,24L333.9,93.8L0.1,1H0v99h1000V1\"\/>\n<\/svg>\t\t<\/div>\n\t\t\t\t\t<div class=\"elementor-container elementor-column-gap-default\">\n\t\t\t\t\t<div class=\"elementor-column elementor-col-100 elementor-top-column elementor-element elementor-element-727ea61\" data-id=\"727ea61\" data-element_type=\"column\">\n\t\t\t<div class=\"elementor-widget-wrap elementor-element-populated\">\n\t\t\t\t\t\t\t\t<div class=\"elementor-element elementor-element-55abfe3 wpr-advanced-text-style-highlighted wpr-animated-text-infinite-yes elementor-widget elementor-widget-wpr-advanced-text\" data-id=\"55abfe3\" data-element_type=\"widget\" data-settings=\"{&quot;anim_loop&quot;:&quot;yes&quot;}\" data-widget_type=\"wpr-advanced-text.default\">\n\t\t\t\t<div class=\"elementor-widget-container\">\n\t\t\t\n\t\t<h3 class=\"wpr-advanced-text\">\n\n\t\t\t\t\t\n\t\t\t\t\t\t\t<span class=\"wpr-advanced-text-preffix\">Niveau d'alerte actuel :<\/span>\n\t\t\t\n\t\t<span class=\"wpr-highlighted-text\">\n\t\t\t\t\t\n\t\t\t<span class=\"wpr-highlighted-text-inner\">Risque de prolif\u00e9ration<\/span>\n\n\t\t\t<svg xmlns=\"http:\/\/www.w3.org\/2000\/svg\" viewBox=\"0 0 500 150\" class=\"wpr-highlight-underline-zigzag\" preserveAspectRatio=\"none\">\n\t\t\t\t\t\t\t\t<path d=\"M9.3,127.3c49.3-3,150.7-7.6,199.7-7.4c121.9,0.4,189.9,0.4,282.3,7.2C380.1,129.6,181.2,130.6,70,139 c82.6-2.9,254.2-1,335.9,1.3c-56,1.4-137.2-0.3-197.1,9\"><\/path>\n\t\t\t\t\t\t\t<\/svg>\n\t\t\t\t\t<\/span>\n\t\t\t\t\n\t\t<\/h3>\n\t\t\n\t\t\t\t<\/div>\n\t\t\t\t<\/div>\n\t\t\t\t<div class=\"elementor-element elementor-element-c16215b elementor-hidden-mobile elementor-widget elementor-widget-eael-progress-bar\" data-id=\"c16215b\" data-element_type=\"widget\" data-widget_type=\"eael-progress-bar.default\">\n\t\t\t\t<div class=\"elementor-widget-container\">\n\t\t\t<div class=\"eael-progressbar-circle-container center\">\n                <div class=\"eael-progressbar eael-progressbar-half-circle\" data-layout=\"half_circle\" data-count=\"52\" data-duration=\"2100\">\n                    <div class=\"eael-progressbar-circle\">\n                        <div class=\"eael-progressbar-circle-pie\">\n                            <div class=\"eael-progressbar-circle-half\" style=\"-webkit-transition-duration:2100ms;-o-transition-duration:2100ms;transition-duration:2100ms;\"><\/div>\n                        <\/div>\n                        <div class=\"eael-progressbar-circle-inner\"><\/div>\n                    <\/div>\n                    <div class=\"eael-progressbar-circle-inner-content\">\n                        <div class=\"eael-progressbar-title\">la m\u00e9t\u00e9o du jour<\/div>\n                        \n                    <\/div>\n                <\/div>\n                <div class=\"eael-progressbar-half-circle-after\">\n                    <span class=\"eael-progressbar-prefix-label\">Surveillance active<\/span>\n                    <span class=\"eael-progressbar-postfix-label\">Alerte \u00e9closion de larves<\/span>\n                <\/div>\n            <\/div>\t\t<\/div>\n\t\t\t\t<\/div>\n\t\t\t\t<div class=\"elementor-element elementor-element-13bbba7 elementor-hidden-desktop elementor-hidden-tablet elementor-widget elementor-widget-eael-progress-bar\" data-id=\"13bbba7\" data-element_type=\"widget\" data-widget_type=\"eael-progress-bar.default\">\n\t\t\t\t<div class=\"elementor-widget-container\">\n\t\t\t<div class=\"eael-progressbar-circle-container center\">\n                <div class=\"eael-progressbar eael-progressbar-half-circle\" data-layout=\"half_circle\" data-count=\"52\" data-duration=\"2100\">\n                    <div class=\"eael-progressbar-circle\">\n                        <div class=\"eael-progressbar-circle-pie\">\n                            <div class=\"eael-progressbar-circle-half\" style=\"-webkit-transition-duration:2100ms;-o-transition-duration:2100ms;transition-duration:2100ms;\"><\/div>\n                        <\/div>\n                        <div class=\"eael-progressbar-circle-inner\"><\/div>\n                    <\/div>\n                    <div class=\"eael-progressbar-circle-inner-content\">\n                        <div class=\"eael-progressbar-title\">la m\u00e9t\u00e9o du jour<\/div>\n                        \n                    <\/div>\n                <\/div>\n                <div class=\"eael-progressbar-half-circle-after\">\n                    <span class=\"eael-progressbar-prefix-label\">Surveillance active<\/span>\n                    <span class=\"eael-progressbar-postfix-label\">Alerte \u00e9closion de larves <\/span>\n                <\/div>\n            <\/div>\t\t<\/div>\n\t\t\t\t<\/div>\n\t\t\t\t\t<\/div>\n\t\t<\/div>\n\t\t\t\t\t\t\t<\/div>\n\t\t<\/section>\n\t\t\t\t<section class=\"elementor-section elementor-top-section elementor-element elementor-element-c2e01c2 elementor-section-boxed elementor-section-height-default elementor-section-height-default wpr-particle-no wpr-jarallax-no wpr-parallax-no wpr-sticky-section-no\" data-id=\"c2e01c2\" data-element_type=\"section\" data-settings=\"{&quot;background_background&quot;:&quot;classic&quot;}\">\n\t\t\t\t\t\t<div class=\"elementor-container elementor-column-gap-default\">\n\t\t\t\t\t<div class=\"elementor-column elementor-col-100 elementor-top-column elementor-element elementor-element-2595063\" data-id=\"2595063\" data-element_type=\"column\">\n\t\t\t<div class=\"elementor-widget-wrap elementor-element-populated\">\n\t\t\t\t\t\t\t\t<div class=\"elementor-element elementor-element-6d6db8a eael-dual-header-content-align-left elementor-widget elementor-widget-eael-dual-color-header\" data-id=\"6d6db8a\" data-element_type=\"widget\" data-widget_type=\"eael-dual-color-header.default\">\n\t\t\t\t<div class=\"elementor-widget-container\">\n\t\t\t\n\t\t        <div class=\"eael-dual-header\">\n\t\t\t\t<h2 class=\"title\"><span  class=\"lead solid-color\">Comprendre le barom\u00e8tre<\/span> <span><\/span><\/h2>\n\t\t<div class=\"eael-dch-separator-wrap\"><span class=\"separator-one\"><\/span>\n\t\t\t<span class=\"separator-two\"><\/span><\/div>\t\t<span class=\"subtext\"><\/span>\n\t\t\t\t<\/div>\n\t\n\t\t\n\t\t\n\t\t\n\t\t\t\t<\/div>\n\t\t\t\t<\/div>\n\t\t\t\t<div class=\"elementor-element elementor-element-608690e wpr-feature-list-left wpr-feature-list-square elementor-widget elementor-widget-wpr-feature-list\" data-id=\"608690e\" data-element_type=\"widget\" data-widget_type=\"wpr-feature-list.default\">\n\t\t\t\t<div class=\"elementor-widget-container\">\n\t\t\t<div class=\"wpr-feature-list-wrap\"><ul class=\"wpr-feature-list\"><li class=\"wpr-feature-list-item elementor-repeater-item-12e0939\"><div class=\"wpr-feature-list-icon-wrap\"><span class=\"wpr-feature-list-line\"><\/span><div class=\"wpr-feature-list-icon-inner-wrap\"><i aria-hidden=\"true\" class=\"far fa-smile\"><\/i><\/div><\/div><div class=\"wpr-feature-list-content-wrap\"><h2 class=\"wpr-feature-list-title\"><a class=\"wpr-feature-list-url\" target=\"_blank\" rel=\"nofollow\">Surveillance active<\/a><\/h2><p class=\"wpr-feature-list-description\"><b>Surveillez et appliquez si n\u00e9cessaire les conseils et gestes \u00e0 faire<\/b> dans votre jardin ou sur votre terrasse de mani\u00e8re hebdomadaire. <\/p><\/div><\/li><li class=\"wpr-feature-list-item elementor-repeater-item-d128e4e\"><div class=\"wpr-feature-list-icon-wrap\"><span class=\"wpr-feature-list-line\"><\/span><div class=\"wpr-feature-list-icon-inner-wrap\"><i aria-hidden=\"true\" class=\"far fa-meh\"><\/i><\/div><\/div><div class=\"wpr-feature-list-content-wrap\"><h2 class=\"wpr-feature-list-title\"><a class=\"wpr-feature-list-url\" target=\"_blank\" rel=\"nofollow\">Risque de prolif\u00e9ration<\/a><\/h2><p class=\"wpr-feature-list-description\"><b>Renforcez votre vigilance <\/b> et continuez \u00e0 appliquer scrupuleusement les <b>conseils et gestes \u00e0 faire.<\/b><\/p><\/div><\/li><li class=\"wpr-feature-list-item elementor-repeater-item-3109086\"><div class=\"wpr-feature-list-icon-wrap\"><span class=\"wpr-feature-list-line\"><\/span><div class=\"wpr-feature-list-icon-inner-wrap\"><i aria-hidden=\"true\" class=\"far fa-frown\"><\/i><\/div><\/div><div class=\"wpr-feature-list-content-wrap\"><h2 class=\"wpr-feature-list-title\"><a class=\"wpr-feature-list-url\" target=\"_blank\" rel=\"nofollow\">Alerte \u00e9closion de larves<\/a><\/h2><p class=\"wpr-feature-list-description\"><b>Appliquez les conseils et gestes \u00e0 faire quotidiennement !<\/b> <br \/><br \/>\n\nVous pouvez en plus de cela : <br \/><br \/>\n\n<ul>\n\t<li>Utiliser des barri\u00e8res naturelles : spray cutan\u00e9es, ventilateurs, moustiquaires, plantes anti-moustiques pos\u00e9es au bord des fen\u00eatres (citronnelle, m\u00e9lisse, thym, citron, etc.)<\/li>\n\t<li>Installer des pi\u00e8ges (attention certains vendus en grande surface sont dangereux pour l\u2019environnement et peu efficaces)<\/li>\n\t<li>Faire des courants d\u2019air, car c\u2019est un moustique qui vole bas et mal<\/li>\n<li>Utiliser en dernier recours des larvicides biologiques (toxines bact\u00e9riennes)<\/li>\n<\/ul>\n<\/p><\/div><\/li><\/ul><\/div>\t\t<\/div>\n\t\t\t\t<\/div>\n\t\t\t\t\t<\/div>\n\t\t<\/div>\n\t\t\t\t\t\t\t<\/div>\n\t\t<\/section>\n\t\t\t\t\t\t\t<\/div>\n\t\t","protected":false},"excerpt":{"rendered":"<p>Niveau d&rsquo;alerte actuel : Risque de prolif\u00e9ration la m\u00e9t\u00e9o du jour Surveillance active Alerte \u00e9closion de larves la m\u00e9t\u00e9o du jour Surveillance active Alerte \u00e9closion de larves Comprendre le barom\u00e8tre Surveillance active Surveillez et appliquez si n\u00e9cessaire les conseils et gestes \u00e0 faire dans votre jardin ou sur votre terrasse de mani\u00e8re hebdomadaire. Risque de [&hellip;]<\/p>\n","protected":false},"author":1,"featured_media":0,"parent":0,"menu_order":0,"comment_status":"closed","ping_status":"open","template":"elementor_header_footer","meta":[],"_links":{"self":[{"href":"http:\/\/meteomoustique.libourne.fr\/index.php?rest_route=\/wp\/v2\/pages\/2"}],"collection":[{"href":"http:\/\/meteomoustique.libourne.fr\/index.php?rest_route=\/wp\/v2\/pages"}],"about":[{"href":"http:\/\/meteomoustique.libourne.fr\/index.php?rest_route=\/wp\/v2\/types\/page"}],"author":[{"embeddable":true,"href":"http:\/\/meteomoustique.libourne.fr\/index.php?rest_route=\/wp\/v2\/users\/1"}],"replies":[{"embeddable":true,"href":"http:\/\/meteomoustique.libourne.fr\/index.php?rest_route=%2Fwp%2Fv2%2Fcomments&post=2"}],"version-history":[{"count":156,"href":"http:\/\/meteomoustique.libourne.fr\/index.php?rest_route=\/wp\/v2\/pages\/2\/revisions"}],"predecessor-version":[{"id":559,"href":"http:\/\/meteomoustique.libourne.fr\/index.php?rest_route=\/wp\/v2\/pages\/2\/revisions\/559"}],"wp:attachment":[{"href":"http:\/\/meteomoustique.libourne.fr\/index.php?rest_route=%2Fwp%2Fv2%2Fmedia&parent=2"}],"curies":[{"name":"wp","href":"https:\/\/api.w.org\/{rel}","templated":true}]}}